{"id":99227,"date":"2025-08-05T17:28:53","date_gmt":"2025-08-05T20:28:53","guid":{"rendered":"https:\/\/anacleta.com.ar\/?post_type=product&#038;p=99227"},"modified":"2025-08-05T18:01:15","modified_gmt":"2025-08-05T21:01:15","slug":"falda-cisnela","status":"publish","type":"product","link":"https:\/\/anacleta.com.ar\/es_es\/producto\/falda-cisnela\/","title":{"rendered":"Falda Cisnela"},"content":{"rendered":"","protected":false},"excerpt":{"rendered":"<p>Esta falda larga de sat\u00e9n liviano presenta una estampa de cisnes que le otorga un toque \u00fanico y elegante. Su cintura de jersey elastizado garantiza un ajuste perfecto y confort durante todo el d\u00eda. Ideal para quienes buscan una prenda sofisticada y moderna, esta falda es perfecta para cualquier evento que requiera un look delicado y estilizado.<\/p>\n<ul>\n<li><strong>Confeccionado en:<\/strong>\u00a0Saten estampado<\/li>\n<li>Tama\u00f1o de la modelo: 1.72 m, usa talle S<\/li>\n<li><strong>Eventos sugeridos:<\/strong>\u00a0Eventos sociales, cenas elegantes, c\u00f3cteles, exposiciones de arte o eventos corporativos.<\/li>\n<\/ul>\n","protected":false},"featured_media":99232,"template":"","meta":[],"product_brand":[],"product_cat":[125,130],"product_tag":[114],"class_list":{"0":"post-99227","1":"product","2":"type-product","3":"status-publish","4":"has-post-thumbnail","6":"product_cat-fiesta","7":"product_cat-vestidos-y-faldas","8":"product_tag-natalia-antolin","10":"first","11":"instock","12":"shipping-taxable","13":"purchasable","14":"product-type-variable"},"_links":{"self":[{"href":"https:\/\/anacleta.com.ar\/es_es\/wp-json\/wp\/v2\/product\/99227","targetHints":{"allow":["GET"]}}],"collection":[{"href":"https:\/\/anacleta.com.ar\/es_es\/wp-json\/wp\/v2\/product"}],"about":[{"href":"https:\/\/anacleta.com.ar\/es_es\/wp-json\/wp\/v2\/types\/product"}],"wp:featuredmedia":[{"embeddable":true,"href":"https:\/\/anacleta.com.ar\/es_es\/wp-json\/wp\/v2\/media\/99232"}],"wp:attachment":[{"href":"https:\/\/anacleta.com.ar\/es_es\/wp-json\/wp\/v2\/media?parent=99227"}],"wp:term":[{"taxonomy":"product_brand","embeddable":true,"href":"https:\/\/anacleta.com.ar\/es_es\/wp-json\/wp\/v2\/product_brand?post=99227"},{"taxonomy":"product_cat","embeddable":true,"href":"https:\/\/anacleta.com.ar\/es_es\/wp-json\/wp\/v2\/product_cat?post=99227"},{"taxonomy":"product_tag","embeddable":true,"href":"https:\/\/anacleta.com.ar\/es_es\/wp-json\/wp\/v2\/product_tag?post=99227"}],"curies":[{"name":"wp","href":"https:\/\/api.w.org\/{rel}","templated":true}]}}