{"id":99354,"date":"2025-08-07T17:54:28","date_gmt":"2025-08-07T20:54:28","guid":{"rendered":"https:\/\/anacleta.com.ar\/?post_type=product&#038;p=99354"},"modified":"2026-03-28T13:53:10","modified_gmt":"2026-03-28T16:53:10","slug":"pantalon-beat","status":"publish","type":"product","link":"https:\/\/anacleta.com.ar\/es_es\/producto\/pantalon-beat\/","title":{"rendered":"Pantalon Beat"},"content":{"rendered":"","protected":false},"excerpt":{"rendered":"<p>Pantal\u00f3n Beat confeccionado en lanita viscosa de fit wide leg, con gran ca\u00edda y movimiento. Acceso mediante cierre met\u00e1lico, gancho pantalonero y bot\u00f3n interno. Incluye lazo en cintura con media ca\u00f1a marcaria de n\u00edquel. Un cl\u00e1sico renovado con gui\u00f1os de dise\u00f1o.<\/p>\n<p>Composici\u00f3n: 67% poli\u00e9ster 29% viscosa 4% elastano<\/p>\n<p>Referencia modelo Florencia: Altura 1,74 Talle: 1<\/p>\n","protected":false},"featured_media":99356,"template":"","meta":[],"product_brand":[480],"product_cat":[492,491,134,461],"product_tag":[112],"class_list":{"0":"post-99354","1":"product","2":"type-product","3":"status-publish","4":"has-post-thumbnail","6":"product_brand-jazmin-chebar","7":"product_cat-2x1","8":"product_cat-flash-market","9":"product_cat-pantalones","10":"product_cat-todo-para-chebar","11":"product_tag-jazmin-chebar","13":"first","14":"instock","15":"sale","16":"shipping-taxable","17":"purchasable","18":"product-type-variable"},"_links":{"self":[{"href":"https:\/\/anacleta.com.ar\/es_es\/wp-json\/wp\/v2\/product\/99354","targetHints":{"allow":["GET"]}}],"collection":[{"href":"https:\/\/anacleta.com.ar\/es_es\/wp-json\/wp\/v2\/product"}],"about":[{"href":"https:\/\/anacleta.com.ar\/es_es\/wp-json\/wp\/v2\/types\/product"}],"wp:featuredmedia":[{"embeddable":true,"href":"https:\/\/anacleta.com.ar\/es_es\/wp-json\/wp\/v2\/media\/99356"}],"wp:attachment":[{"href":"https:\/\/anacleta.com.ar\/es_es\/wp-json\/wp\/v2\/media?parent=99354"}],"wp:term":[{"taxonomy":"product_brand","embeddable":true,"href":"https:\/\/anacleta.com.ar\/es_es\/wp-json\/wp\/v2\/product_brand?post=99354"},{"taxonomy":"product_cat","embeddable":true,"href":"https:\/\/anacleta.com.ar\/es_es\/wp-json\/wp\/v2\/product_cat?post=99354"},{"taxonomy":"product_tag","embeddable":true,"href":"https:\/\/anacleta.com.ar\/es_es\/wp-json\/wp\/v2\/product_tag?post=99354"}],"curies":[{"name":"wp","href":"https:\/\/api.w.org\/{rel}","templated":true}]}}