{"id":99367,"date":"2025-08-07T18:05:55","date_gmt":"2025-08-07T21:05:55","guid":{"rendered":"https:\/\/anacleta.com.ar\/?post_type=product&#038;p=99367"},"modified":"2025-12-04T12:30:38","modified_gmt":"2025-12-04T15:30:38","slug":"short-weekend","status":"publish","type":"product","link":"https:\/\/anacleta.com.ar\/es_es\/producto\/short-weekend\/","title":{"rendered":"Short Weekend"},"content":{"rendered":"","protected":false},"excerpt":{"rendered":"<p>Short Weekend de gabardina con te\u00f1ido diferenciado que le aporta un acabado \u00fanico. Lleva recortes curvos que estilizan la silueta, bolsillos curvos al frente y bolsillos plaqu\u00e9 en la espalda. Se completa con bot\u00f3n en la cintura y detalles de remaches n\u00edquel que realzan el dise\u00f1o con un toque sutil de brillo.<\/p>\n<p>Composici\u00f3n: 100% algod\u00f3n.<\/p>\n<p>Referencia modelo Dalen: Altura 1,72 Talle: 1<\/p>\n","protected":false},"featured_media":99369,"template":"","meta":[],"product_brand":[480],"product_cat":[126,274],"product_tag":[112],"class_list":{"0":"post-99367","1":"product","2":"type-product","3":"status-publish","4":"has-post-thumbnail","6":"product_brand-jazmin-chebar","7":"product_cat-denim","8":"product_cat-shorts","9":"product_tag-jazmin-chebar","11":"first","12":"instock","13":"shipping-taxable","14":"purchasable","15":"product-type-variable"},"_links":{"self":[{"href":"https:\/\/anacleta.com.ar\/es_es\/wp-json\/wp\/v2\/product\/99367","targetHints":{"allow":["GET"]}}],"collection":[{"href":"https:\/\/anacleta.com.ar\/es_es\/wp-json\/wp\/v2\/product"}],"about":[{"href":"https:\/\/anacleta.com.ar\/es_es\/wp-json\/wp\/v2\/types\/product"}],"wp:featuredmedia":[{"embeddable":true,"href":"https:\/\/anacleta.com.ar\/es_es\/wp-json\/wp\/v2\/media\/99369"}],"wp:attachment":[{"href":"https:\/\/anacleta.com.ar\/es_es\/wp-json\/wp\/v2\/media?parent=99367"}],"wp:term":[{"taxonomy":"product_brand","embeddable":true,"href":"https:\/\/anacleta.com.ar\/es_es\/wp-json\/wp\/v2\/product_brand?post=99367"},{"taxonomy":"product_cat","embeddable":true,"href":"https:\/\/anacleta.com.ar\/es_es\/wp-json\/wp\/v2\/product_cat?post=99367"},{"taxonomy":"product_tag","embeddable":true,"href":"https:\/\/anacleta.com.ar\/es_es\/wp-json\/wp\/v2\/product_tag?post=99367"}],"curies":[{"name":"wp","href":"https:\/\/api.w.org\/{rel}","templated":true}]}}