{"id":99384,"date":"2025-08-07T18:51:53","date_gmt":"2025-08-07T21:51:53","guid":{"rendered":"https:\/\/anacleta.com.ar\/?post_type=product&#038;p=99384"},"modified":"2026-03-13T12:09:59","modified_gmt":"2026-03-13T15:09:59","slug":"jeans-printed-straight-loose","status":"publish","type":"product","link":"https:\/\/anacleta.com.ar\/es_es\/producto\/jeans-printed-straight-loose\/","title":{"rendered":"Jeans Printed Straight Loose"},"content":{"rendered":"","protected":false},"excerpt":{"rendered":"<p>Jeans Printed Straight Loose recto y tradicional. Es tiro medio que como es relajado puede calzar en la cadera y usarse tiro m\u00e1s bajo. Viene con un cintur\u00f3n finito en el mismo denim. No tiene bolsillos traseros pero est\u00e1n simulados estampados en blanco. El tejido tiene tencel, que lo hace suave y con una linda ca\u00edda.<\/p>\n<p>Referencia modelo Miranda: Altura 1,74 Talle: 24<\/p>\n","protected":false},"featured_media":99394,"template":"","meta":[],"product_brand":[480],"product_cat":[126,134],"product_tag":[112],"class_list":{"0":"post-99384","1":"product","2":"type-product","3":"status-publish","4":"has-post-thumbnail","6":"product_brand-jazmin-chebar","7":"product_cat-denim","8":"product_cat-pantalones","9":"product_tag-jazmin-chebar","11":"first","12":"instock","13":"shipping-taxable","14":"purchasable","15":"product-type-variable"},"_links":{"self":[{"href":"https:\/\/anacleta.com.ar\/es_es\/wp-json\/wp\/v2\/product\/99384","targetHints":{"allow":["GET"]}}],"collection":[{"href":"https:\/\/anacleta.com.ar\/es_es\/wp-json\/wp\/v2\/product"}],"about":[{"href":"https:\/\/anacleta.com.ar\/es_es\/wp-json\/wp\/v2\/types\/product"}],"wp:featuredmedia":[{"embeddable":true,"href":"https:\/\/anacleta.com.ar\/es_es\/wp-json\/wp\/v2\/media\/99394"}],"wp:attachment":[{"href":"https:\/\/anacleta.com.ar\/es_es\/wp-json\/wp\/v2\/media?parent=99384"}],"wp:term":[{"taxonomy":"product_brand","embeddable":true,"href":"https:\/\/anacleta.com.ar\/es_es\/wp-json\/wp\/v2\/product_brand?post=99384"},{"taxonomy":"product_cat","embeddable":true,"href":"https:\/\/anacleta.com.ar\/es_es\/wp-json\/wp\/v2\/product_cat?post=99384"},{"taxonomy":"product_tag","embeddable":true,"href":"https:\/\/anacleta.com.ar\/es_es\/wp-json\/wp\/v2\/product_tag?post=99384"}],"curies":[{"name":"wp","href":"https:\/\/api.w.org\/{rel}","templated":true}]}}