{"id":99737,"date":"2025-08-19T18:50:28","date_gmt":"2025-08-19T21:50:28","guid":{"rendered":"https:\/\/anacleta.com.ar\/?post_type=product&#038;p=99737"},"modified":"2026-03-09T18:28:32","modified_gmt":"2026-03-09T21:28:32","slug":"short-bondi-2","status":"publish","type":"product","link":"https:\/\/anacleta.com.ar\/es_es\/producto\/short-bondi-2\/","title":{"rendered":"Short Bondi"},"content":{"rendered":"","protected":false},"excerpt":{"rendered":"<p>El Short Bondi, confeccionado en r\u00fastico de algod\u00f3n peruano, presenta un calce baggy y tiro medio. Cuenta con cintura de rib con el\u00e1stico interno para un calce m\u00e1s c\u00f3modo, jareta regulable con cord\u00f3n de algod\u00f3n con punteras personalizadas y bolsillos laterales tipo americano. Presenta un stamping met\u00e1lico en el frente de la prenda como distintivo. Lleva un proceso de lavado artesanal en prenda para un look vintage, que puede variar en cada prenda. Ideal para un look de playa elevado. Perfecto para combinar en conjunto con el Buzo Cairo.<br \/>\n<em>Referencia modelo: Altura 1,75 Talle 2<\/em><\/p>\n","protected":false},"featured_media":99741,"template":"","meta":[],"product_brand":[481],"product_cat":[492,491,274],"product_tag":[111],"class_list":{"0":"post-99737","1":"product","2":"type-product","3":"status-publish","4":"has-post-thumbnail","6":"product_brand-ginebra","7":"product_cat-2x1","8":"product_cat-flash-market","9":"product_cat-shorts","10":"product_tag-ginebra","12":"first","13":"instock","14":"shipping-taxable","15":"purchasable","16":"product-type-variable"},"_links":{"self":[{"href":"https:\/\/anacleta.com.ar\/es_es\/wp-json\/wp\/v2\/product\/99737","targetHints":{"allow":["GET"]}}],"collection":[{"href":"https:\/\/anacleta.com.ar\/es_es\/wp-json\/wp\/v2\/product"}],"about":[{"href":"https:\/\/anacleta.com.ar\/es_es\/wp-json\/wp\/v2\/types\/product"}],"wp:featuredmedia":[{"embeddable":true,"href":"https:\/\/anacleta.com.ar\/es_es\/wp-json\/wp\/v2\/media\/99741"}],"wp:attachment":[{"href":"https:\/\/anacleta.com.ar\/es_es\/wp-json\/wp\/v2\/media?parent=99737"}],"wp:term":[{"taxonomy":"product_brand","embeddable":true,"href":"https:\/\/anacleta.com.ar\/es_es\/wp-json\/wp\/v2\/product_brand?post=99737"},{"taxonomy":"product_cat","embeddable":true,"href":"https:\/\/anacleta.com.ar\/es_es\/wp-json\/wp\/v2\/product_cat?post=99737"},{"taxonomy":"product_tag","embeddable":true,"href":"https:\/\/anacleta.com.ar\/es_es\/wp-json\/wp\/v2\/product_tag?post=99737"}],"curies":[{"name":"wp","href":"https:\/\/api.w.org\/{rel}","templated":true}]}}