{"id":99744,"date":"2025-08-19T18:56:04","date_gmt":"2025-08-19T21:56:04","guid":{"rendered":"https:\/\/anacleta.com.ar\/?post_type=product&#038;p=99744"},"modified":"2026-02-14T11:07:11","modified_gmt":"2026-02-14T14:07:11","slug":"jean-denim-isla","status":"publish","type":"product","link":"https:\/\/anacleta.com.ar\/es_es\/producto\/jean-denim-isla\/","title":{"rendered":"Jean Denim Isla"},"content":{"rendered":"","protected":false},"excerpt":{"rendered":"<p>El jean Isla es un jean realizado con denim 100% algod\u00f3n, de calce straight, levemente descalzado para un look comfy. La prenda parte de una tela azul de la que, a trav\u00e9s de diferentes procesos, se barre el color para que la prenda quede con un tono blanco. Esto genera mejor tacto y confort en la tela. Este art\u00edculo lleva av\u00edos marcarios personalizados Ginebra en n\u00edquel.<br \/>\n<em>Referencia modelo: Altura 1,75 Talle 1<\/em><\/p>\n","protected":false},"featured_media":99750,"template":"","meta":[],"product_brand":[481],"product_cat":[492,126,491,134],"product_tag":[111],"class_list":{"0":"post-99744","1":"product","2":"type-product","3":"status-publish","4":"has-post-thumbnail","6":"product_brand-ginebra","7":"product_cat-2x1","8":"product_cat-denim","9":"product_cat-flash-market","10":"product_cat-pantalones","11":"product_tag-ginebra","13":"first","14":"instock","15":"shipping-taxable","16":"purchasable","17":"product-type-variable"},"_links":{"self":[{"href":"https:\/\/anacleta.com.ar\/es_es\/wp-json\/wp\/v2\/product\/99744","targetHints":{"allow":["GET"]}}],"collection":[{"href":"https:\/\/anacleta.com.ar\/es_es\/wp-json\/wp\/v2\/product"}],"about":[{"href":"https:\/\/anacleta.com.ar\/es_es\/wp-json\/wp\/v2\/types\/product"}],"wp:featuredmedia":[{"embeddable":true,"href":"https:\/\/anacleta.com.ar\/es_es\/wp-json\/wp\/v2\/media\/99750"}],"wp:attachment":[{"href":"https:\/\/anacleta.com.ar\/es_es\/wp-json\/wp\/v2\/media?parent=99744"}],"wp:term":[{"taxonomy":"product_brand","embeddable":true,"href":"https:\/\/anacleta.com.ar\/es_es\/wp-json\/wp\/v2\/product_brand?post=99744"},{"taxonomy":"product_cat","embeddable":true,"href":"https:\/\/anacleta.com.ar\/es_es\/wp-json\/wp\/v2\/product_cat?post=99744"},{"taxonomy":"product_tag","embeddable":true,"href":"https:\/\/anacleta.com.ar\/es_es\/wp-json\/wp\/v2\/product_tag?post=99744"}],"curies":[{"name":"wp","href":"https:\/\/api.w.org\/{rel}","templated":true}]}}