{"id":99783,"date":"2025-08-19T19:18:37","date_gmt":"2025-08-19T22:18:37","guid":{"rendered":"https:\/\/anacleta.com.ar\/?post_type=product&#038;p=99783"},"modified":"2026-02-14T10:51:38","modified_gmt":"2026-02-14T13:51:38","slug":"buzo-cat","status":"publish","type":"product","link":"https:\/\/anacleta.com.ar\/es_es\/producto\/buzo-cat\/","title":{"rendered":"Buzo Cat"},"content":{"rendered":"","protected":false},"excerpt":{"rendered":"<p>El Buzo Cat, r\u00fastico de algod\u00f3n peruano, es de calce cl\u00e1sico, con escote a la base y manga larga. Lleva un tri\u00e1ngulo de rib pisado en el escote de frente. Esta prenda tiene el distintivo de ser completamente reversible para usarla del frente o del rev\u00e9s para un twist en un look cl\u00e1sico. Cuenta con estampa marcaria como distintivo en el rev\u00e9s de la misma. Un b\u00e1sico con un plus original para combinar con todos tus outfits favoritos.<br \/>\n<em>Referencia modelo: Altura 1,80 Talle 2<\/em><\/p>\n","protected":false},"featured_media":99787,"template":"","meta":[],"product_brand":[481],"product_cat":[492,150,491],"product_tag":[111],"class_list":{"0":"post-99783","1":"product","2":"type-product","3":"status-publish","4":"has-post-thumbnail","6":"product_brand-ginebra","7":"product_cat-2x1","8":"product_cat-buzos","9":"product_cat-flash-market","10":"product_tag-ginebra","12":"first","13":"instock","14":"shipping-taxable","15":"purchasable","16":"product-type-variable"},"_links":{"self":[{"href":"https:\/\/anacleta.com.ar\/es_es\/wp-json\/wp\/v2\/product\/99783","targetHints":{"allow":["GET"]}}],"collection":[{"href":"https:\/\/anacleta.com.ar\/es_es\/wp-json\/wp\/v2\/product"}],"about":[{"href":"https:\/\/anacleta.com.ar\/es_es\/wp-json\/wp\/v2\/types\/product"}],"wp:featuredmedia":[{"embeddable":true,"href":"https:\/\/anacleta.com.ar\/es_es\/wp-json\/wp\/v2\/media\/99787"}],"wp:attachment":[{"href":"https:\/\/anacleta.com.ar\/es_es\/wp-json\/wp\/v2\/media?parent=99783"}],"wp:term":[{"taxonomy":"product_brand","embeddable":true,"href":"https:\/\/anacleta.com.ar\/es_es\/wp-json\/wp\/v2\/product_brand?post=99783"},{"taxonomy":"product_cat","embeddable":true,"href":"https:\/\/anacleta.com.ar\/es_es\/wp-json\/wp\/v2\/product_cat?post=99783"},{"taxonomy":"product_tag","embeddable":true,"href":"https:\/\/anacleta.com.ar\/es_es\/wp-json\/wp\/v2\/product_tag?post=99783"}],"curies":[{"name":"wp","href":"https:\/\/api.w.org\/{rel}","templated":true}]}}