{"id":99891,"date":"2025-08-20T18:30:00","date_gmt":"2025-08-20T21:30:00","guid":{"rendered":"https:\/\/anacleta.com.ar\/?post_type=product&#038;p=99891"},"modified":"2026-03-28T14:00:11","modified_gmt":"2026-03-28T17:00:11","slug":"pantalon-ziggy","status":"publish","type":"product","link":"https:\/\/anacleta.com.ar\/es_es\/producto\/pantalon-ziggy\/","title":{"rendered":"Pantalon Ziggy"},"content":{"rendered":"","protected":false},"excerpt":{"rendered":"<p>Pantal\u00f3n Ziggy de fit recto confeccionado en powermax. Viene con detalles en cuero ovino en las bocas de los bolsillos delanteros, que elevan su dise\u00f1o. El acceso es mediante cierre met\u00e1lico oculto y gancho pantalonero. Una pieza que combina estructura y sofisticaci\u00f3n.<\/p>\n<p>Composici\u00f3n: 66% poli\u00e9ster, 28% viscosa, 6% elastano<\/p>\n<p>Referencia modelo Florencia: Altura 1,74 Talle: 1<\/p>\n","protected":false},"featured_media":99894,"template":"","meta":[],"product_brand":[480],"product_cat":[492,491,134,461],"product_tag":[112],"class_list":{"0":"post-99891","1":"product","2":"type-product","3":"status-publish","4":"has-post-thumbnail","6":"product_brand-jazmin-chebar","7":"product_cat-2x1","8":"product_cat-flash-market","9":"product_cat-pantalones","10":"product_cat-todo-para-chebar","11":"product_tag-jazmin-chebar","13":"first","14":"instock","15":"sale","16":"shipping-taxable","17":"purchasable","18":"product-type-variable"},"_links":{"self":[{"href":"https:\/\/anacleta.com.ar\/es_es\/wp-json\/wp\/v2\/product\/99891","targetHints":{"allow":["GET"]}}],"collection":[{"href":"https:\/\/anacleta.com.ar\/es_es\/wp-json\/wp\/v2\/product"}],"about":[{"href":"https:\/\/anacleta.com.ar\/es_es\/wp-json\/wp\/v2\/types\/product"}],"wp:featuredmedia":[{"embeddable":true,"href":"https:\/\/anacleta.com.ar\/es_es\/wp-json\/wp\/v2\/media\/99894"}],"wp:attachment":[{"href":"https:\/\/anacleta.com.ar\/es_es\/wp-json\/wp\/v2\/media?parent=99891"}],"wp:term":[{"taxonomy":"product_brand","embeddable":true,"href":"https:\/\/anacleta.com.ar\/es_es\/wp-json\/wp\/v2\/product_brand?post=99891"},{"taxonomy":"product_cat","embeddable":true,"href":"https:\/\/anacleta.com.ar\/es_es\/wp-json\/wp\/v2\/product_cat?post=99891"},{"taxonomy":"product_tag","embeddable":true,"href":"https:\/\/anacleta.com.ar\/es_es\/wp-json\/wp\/v2\/product_tag?post=99891"}],"curies":[{"name":"wp","href":"https:\/\/api.w.org\/{rel}","templated":true}]}}