{"id":99913,"date":"2025-08-20T18:51:58","date_gmt":"2025-08-20T21:51:58","guid":{"rendered":"https:\/\/anacleta.com.ar\/?post_type=product&#038;p=99913"},"modified":"2025-12-15T12:24:49","modified_gmt":"2025-12-15T15:24:49","slug":"bermuda-pocket-black","status":"publish","type":"product","link":"https:\/\/anacleta.com.ar\/es_es\/producto\/bermuda-pocket-black\/","title":{"rendered":"Bermuda Pocket Black"},"content":{"rendered":"","protected":false},"excerpt":{"rendered":"<p>Bermuda Pocket Black con detalles inspirados en prendas de trabajo: bolsillos tipo carpintero y remaches met\u00e1licos que le suman car\u00e1cter. Calce relajado sin lycra, que aporta una estructura cl\u00e1sica con est\u00e9tica urbana.<\/p>\n<p>Composici\u00f3n: 100% algod\u00f3n<\/p>\n<p>Referencia modelo Lena: :Altura 1,75 Talle: 1<\/p>\n","protected":false},"featured_media":99917,"template":"","meta":[],"product_brand":[480],"product_cat":[134,274],"product_tag":[112],"class_list":{"0":"post-99913","1":"product","2":"type-product","3":"status-publish","4":"has-post-thumbnail","6":"product_brand-jazmin-chebar","7":"product_cat-pantalones","8":"product_cat-shorts","9":"product_tag-jazmin-chebar","11":"first","12":"instock","13":"shipping-taxable","14":"purchasable","15":"product-type-variable"},"_links":{"self":[{"href":"https:\/\/anacleta.com.ar\/es_es\/wp-json\/wp\/v2\/product\/99913","targetHints":{"allow":["GET"]}}],"collection":[{"href":"https:\/\/anacleta.com.ar\/es_es\/wp-json\/wp\/v2\/product"}],"about":[{"href":"https:\/\/anacleta.com.ar\/es_es\/wp-json\/wp\/v2\/types\/product"}],"wp:featuredmedia":[{"embeddable":true,"href":"https:\/\/anacleta.com.ar\/es_es\/wp-json\/wp\/v2\/media\/99917"}],"wp:attachment":[{"href":"https:\/\/anacleta.com.ar\/es_es\/wp-json\/wp\/v2\/media?parent=99913"}],"wp:term":[{"taxonomy":"product_brand","embeddable":true,"href":"https:\/\/anacleta.com.ar\/es_es\/wp-json\/wp\/v2\/product_brand?post=99913"},{"taxonomy":"product_cat","embeddable":true,"href":"https:\/\/anacleta.com.ar\/es_es\/wp-json\/wp\/v2\/product_cat?post=99913"},{"taxonomy":"product_tag","embeddable":true,"href":"https:\/\/anacleta.com.ar\/es_es\/wp-json\/wp\/v2\/product_tag?post=99913"}],"curies":[{"name":"wp","href":"https:\/\/api.w.org\/{rel}","templated":true}]}}