{"id":99921,"date":"2025-08-20T18:56:33","date_gmt":"2025-08-20T21:56:33","guid":{"rendered":"https:\/\/anacleta.com.ar\/?post_type=product&#038;p=99921"},"modified":"2025-12-04T12:26:49","modified_gmt":"2025-12-04T15:26:49","slug":"jeans-roses-sky","status":"publish","type":"product","link":"https:\/\/anacleta.com.ar\/es_es\/producto\/jeans-roses-sky\/","title":{"rendered":"Jeans Roses Sky"},"content":{"rendered":"","protected":false},"excerpt":{"rendered":"<p>Jeans Roses de calce wide leg, con ca\u00edda desde la cadera hasta el ruedo. Confeccionado en denim celeste claro, ideal para el verano, y con cinco bolsillos.<\/p>\n<p>Composici\u00f3n: 80% algod\u00f3n org\u00e1nico, 20% algod\u00f3n reciclado<\/p>\n<p>Referencia modelo Delfina :Altura 1,74 Talle: 24<\/p>\n","protected":false},"featured_media":99928,"template":"","meta":[],"product_brand":[480],"product_cat":[126,134],"product_tag":[112],"class_list":{"0":"post-99921","1":"product","2":"type-product","3":"status-publish","4":"has-post-thumbnail","6":"product_brand-jazmin-chebar","7":"product_cat-denim","8":"product_cat-pantalones","9":"product_tag-jazmin-chebar","11":"first","12":"instock","13":"shipping-taxable","14":"purchasable","15":"product-type-variable"},"_links":{"self":[{"href":"https:\/\/anacleta.com.ar\/es_es\/wp-json\/wp\/v2\/product\/99921","targetHints":{"allow":["GET"]}}],"collection":[{"href":"https:\/\/anacleta.com.ar\/es_es\/wp-json\/wp\/v2\/product"}],"about":[{"href":"https:\/\/anacleta.com.ar\/es_es\/wp-json\/wp\/v2\/types\/product"}],"wp:featuredmedia":[{"embeddable":true,"href":"https:\/\/anacleta.com.ar\/es_es\/wp-json\/wp\/v2\/media\/99928"}],"wp:attachment":[{"href":"https:\/\/anacleta.com.ar\/es_es\/wp-json\/wp\/v2\/media?parent=99921"}],"wp:term":[{"taxonomy":"product_brand","embeddable":true,"href":"https:\/\/anacleta.com.ar\/es_es\/wp-json\/wp\/v2\/product_brand?post=99921"},{"taxonomy":"product_cat","embeddable":true,"href":"https:\/\/anacleta.com.ar\/es_es\/wp-json\/wp\/v2\/product_cat?post=99921"},{"taxonomy":"product_tag","embeddable":true,"href":"https:\/\/anacleta.com.ar\/es_es\/wp-json\/wp\/v2\/product_tag?post=99921"}],"curies":[{"name":"wp","href":"https:\/\/api.w.org\/{rel}","templated":true}]}}