{"id":99950,"date":"2025-08-20T19:06:31","date_gmt":"2025-08-20T22:06:31","guid":{"rendered":"https:\/\/anacleta.com.ar\/?post_type=product&#038;p=99950"},"modified":"2025-12-04T12:26:41","modified_gmt":"2025-12-04T15:26:41","slug":"camisa-yellowstone","status":"publish","type":"product","link":"https:\/\/anacleta.com.ar\/es_es\/producto\/camisa-yellowstone\/","title":{"rendered":"Camisa Yellowstone"},"content":{"rendered":"","protected":false},"excerpt":{"rendered":"<p>Camisa Yellowstone confeccionada en denim liviano, con ruedo de dise\u00f1o curvo que aporta movimiento a la prenda. El canes\u00fa de la espalda est\u00e1 dise\u00f1ado en forma de \u201cV\u201d para un calce favorecedor. Su acceso es mediante botones en cartera, con detalle de ojal a contratono y cinta interna en el pie del cuello.<\/p>\n<p>Composici\u00f3n: 100% algod\u00f3n<\/p>\n<p>Referencia modelo Delfina: Altura 1,74 Talle: 1<\/p>\n","protected":false},"featured_media":99953,"template":"","meta":[],"product_brand":[480],"product_cat":[184],"product_tag":[112],"class_list":{"0":"post-99950","1":"product","2":"type-product","3":"status-publish","4":"has-post-thumbnail","6":"product_brand-jazmin-chebar","7":"product_cat-camisas","8":"product_tag-jazmin-chebar","10":"first","11":"instock","12":"shipping-taxable","13":"purchasable","14":"product-type-variable"},"_links":{"self":[{"href":"https:\/\/anacleta.com.ar\/es_es\/wp-json\/wp\/v2\/product\/99950","targetHints":{"allow":["GET"]}}],"collection":[{"href":"https:\/\/anacleta.com.ar\/es_es\/wp-json\/wp\/v2\/product"}],"about":[{"href":"https:\/\/anacleta.com.ar\/es_es\/wp-json\/wp\/v2\/types\/product"}],"wp:featuredmedia":[{"embeddable":true,"href":"https:\/\/anacleta.com.ar\/es_es\/wp-json\/wp\/v2\/media\/99953"}],"wp:attachment":[{"href":"https:\/\/anacleta.com.ar\/es_es\/wp-json\/wp\/v2\/media?parent=99950"}],"wp:term":[{"taxonomy":"product_brand","embeddable":true,"href":"https:\/\/anacleta.com.ar\/es_es\/wp-json\/wp\/v2\/product_brand?post=99950"},{"taxonomy":"product_cat","embeddable":true,"href":"https:\/\/anacleta.com.ar\/es_es\/wp-json\/wp\/v2\/product_cat?post=99950"},{"taxonomy":"product_tag","embeddable":true,"href":"https:\/\/anacleta.com.ar\/es_es\/wp-json\/wp\/v2\/product_tag?post=99950"}],"curies":[{"name":"wp","href":"https:\/\/api.w.org\/{rel}","templated":true}]}}